{"id":3,"date":"2022-03-16T18:39:52","date_gmt":"2022-03-16T17:39:52","guid":{"rendered":"http:\/\/daguetbresson.art\/?page_id=3"},"modified":"2024-06-11T14:45:04","modified_gmt":"2024-06-11T12:45:04","slug":"mentions-legales","status":"publish","type":"page","link":"https:\/\/daguetbresson.art\/en\/politique-de-confidentialite\/","title":{"rendered":"Legal Notices"},"content":{"rendered":"<div data-elementor-type=\"wp-page\" data-elementor-id=\"3\" class=\"elementor elementor-3\" data-elementor-post-type=\"page\">\n\t\t\t\t\t\t<section class=\"elementor-section elementor-top-section elementor-element elementor-element-7ac84d64 elementor-section-full_width elementor-section-height-default elementor-section-height-default\" data-id=\"7ac84d64\" data-element_type=\"section\" data-e-type=\"section\" data-settings=\"{&quot;jet_parallax_layout_list&quot;:[]}\">\n\t\t\t\t\t\t<div class=\"elementor-container elementor-column-gap-default\">\n\t\t\t\t\t<div class=\"elementor-column elementor-col-100 elementor-top-column elementor-element elementor-element-7f2a00ed\" data-id=\"7f2a00ed\" data-element_type=\"column\" data-e-type=\"column\">\n\t\t\t<div class=\"elementor-widget-wrap elementor-element-populated\">\n\t\t\t\t\t\t<div class=\"elementor-element elementor-element-d485f49 animated-slow elementor-invisible elementor-widget elementor-widget-heading\" data-id=\"d485f49\" data-element_type=\"widget\" data-e-type=\"widget\" data-settings=\"{&quot;_animation&quot;:&quot;fadeIn&quot;,&quot;_animation_delay&quot;:300}\" data-widget_type=\"heading.default\">\n\t\t\t\t<div class=\"elementor-widget-container\">\n\t\t\t\t\t<h1 class=\"elementor-heading-title elementor-size-default\">Legal Notices<\/h1>\t\t\t\t<\/div>\n\t\t\t\t<\/div>\n\t\t\t\t<div class=\"elementor-element elementor-element-4aa91fa4 animated-slow elementor-invisible elementor-widget elementor-widget-text-editor\" data-id=\"4aa91fa4\" data-element_type=\"widget\" data-e-type=\"widget\" data-settings=\"{&quot;_animation&quot;:&quot;fadeIn&quot;,&quot;_animation_delay&quot;:600}\" data-widget_type=\"text-editor.default\">\n\t\t\t\t<div class=\"elementor-widget-container\">\n\t\t\t\t\t\t\t\t\tLa pr\u00e9sente politique de confidentialit\u00e9 est publi\u00e9e au nom de Daguet Bresson.\n\nLorsque nous mentionnons \u00ab\u00a0Daguet Bresson\u00a0\u00bb, \u00ab\u00a0nous\u00a0\u00bb ou \u00ab\u00a0notre\u00a0\u00bb dans la pr\u00e9sente politique, nous faisons r\u00e9f\u00e9rence \u00e0 l\u2019entit\u00e9 concern\u00e9e qui est responsable du traitement de vos informations personnelles. Daguet Bresson s\u2019engage \u00e0 respecter votre vie priv\u00e9e et \u00e0 prot\u00e9ger vos informations personnelles.\n\nLa politique de cookies suivante d\u00e9crit comment et pourquoi nous collectons et utilisons des informations avec des cookies, conform\u00e9ment aux normes \u00e9lev\u00e9es applicables dans les pays concern\u00e9s o\u00f9 Daguet Bresson op\u00e8re et aux exigences de RGPD.\n\nCe pr\u00e9sent site est la proprit\u00e9t\u00e9 de Florian Daguet-Bresson.\n<h2>Qu\u2019est-ce qu\u2019un cookie ?<\/h2>\nLes cookies sont des petits fichiers textuels qui sont plac\u00e9s sur votre ordinateur par les sites web que vous visitez. Ils sont largement utilis\u00e9s pour permettre aux sites web de fonctionner, ou de fonctionner plus efficacement, ainsi que pour fournir des informations aux \u00e9diteurs des sites web.\n<h2>Pourquoi utilisons-nous des cookies ?<\/h2>\nNous utilisons des cookies pour am\u00e9liorer l\u2019utilisation et la fonctionnalit\u00e9 de nos sites web. Le stockage des cookies sur votre ordinateur nous offre une m\u00e9thode facile et pratique pour personnaliser ou am\u00e9liorer votre exp\u00e9rience lors de votre visite sur daguetbresson.art\n\nNous n\u2019utilisons pas les cookies pour collecter des informations personnelles.\n\nUn cookie est un petit fichier de lettres et de chiffres que nous stockons sur votre navigateur (par exemple Chrome, Firefox ou Safari) ou le disque dur de votre ordinateur, sur votre smartphone, ou tablette, si vous acceptez son utilisation. Les cookies contiennent des informations qui sont transf\u00e9r\u00e9es sur le disque dur de votre ordinateur. Vous pouvez consid\u00e9rer les cookies comme fournissant une \u00a0\u00bb m\u00e9moire \u00a0\u00bb au site web, afin qu\u2019il puisse vous reconna\u00eetre lorsque vous revenez et r\u00e9pondre de mani\u00e8re appropri\u00e9e.\n<h2>Quels sont les cookies que nous utilisons et \u00e0 quelles fins ?<\/h2>\nCertains cookies sont strictement n\u00e9cessaires au fonctionnement de notre site web. Il s\u2019agit de cookies qui vous permettent d\u2019utiliser certaines fonctionalit\u00e9s. Les cookies d\u2019analyse (Google Analytics) sont utilis\u00e9s pour recueillir des statistiques telles que le nombre de visites sur une page. Cela nous aide \u00e0 am\u00e9liorer le fonctionnement de notre site web. Les cookies de performance sont utilis\u00e9s pour reconna\u00eetre vos pr\u00e9f\u00e9rences lorsque vous revenez sur notre site web, comme la langue pr\u00e9f\u00e9r\u00e9e.\n\nLes cookies de ciblage enregistrent votre visite sur notre site web, les pages que vous avez visit\u00e9es et les liens que vous avez suivis. Nous utiliserons ces informations pour rendre notre site web et la publicit\u00e9 qui y est affich\u00e9e plus pertinents par rapport \u00e0 vos int\u00e9r\u00eats. Nous pouvons \u00e9galement partager certaines informations avec des tiers (Vimeo, Youtube, Soundcloud, Addthis\u2026). Ils suivront le succ\u00e8s de leur application ou la personnaliseront pour vous. Aucune information personnellement identifiable n\u2019est collect\u00e9e par les cookies de ciblage que nous utilisons.\n<h2>D\u00e9sactivation des cookies<\/h2>\nVous pouvez facilement ajuster les param\u00e8tres de votre navigateur en ce qui concerne l\u2019activation ou la d\u00e9sactivation de tous ou de certains cookies. Toutefois, si vous utilisez les param\u00e8tres de votre navigateur pour bloquer tous les cookies (y compris les cookies essentiels), il se peut que vous ne puissiez pas acc\u00e9der \u00e0 certaines parties de notre site web.\n\nVeuillez consulter la fonction d\u2019aide de votre navigateur si n\u00e9cessaire.\n<h2>Modifications de la pr\u00e9sente politique<\/h2>\nToute modification que nous apporterons \u00e0 notre politique \u00e0 l\u2019avenir sera publi\u00e9e sur cette page et, le cas \u00e9ch\u00e9ant, vous sera notifi\u00e9e par courrier \u00e9lectronique.\n\nVeuillez consulter fr\u00e9quemment cette page pour prendre connaissance de toute mise \u00e0 jour ou modification de notre politique.\n<h2>Informations de contact<\/h2>\nSi vous avez des questions, des commentaires ou des plaintes concernant cette politique en mati\u00e8re de cookies, veuillez nous contacter \u00e0 l\u2019adresse <a href=\"\/en\/florian@daguetbresson.art\/\">florian@daguetbresson.art.<\/a>\n\nDerni\u00e8re mise \u00e0 jour le 01\/10\/2022\t\t\t\t\t\t\t\t<\/div>\n\t\t\t\t<\/div>\n\t\t\t\t<div class=\"elementor-element elementor-element-f8c1fed animated-slow elementor-invisible elementor-widget elementor-widget-text-editor\" data-id=\"f8c1fed\" data-element_type=\"widget\" data-e-type=\"widget\" data-settings=\"{&quot;_animation&quot;:&quot;fadeIn&quot;,&quot;_animation_delay&quot;:600}\" data-widget_type=\"text-editor.default\">\n\t\t\t\t<div class=\"elementor-widget-container\">\n\t\t\t\t\t\t\t\t\t<h2>Photographs<\/h2>\n<ul style=\"margin-left: 0;\">\n \t<li style=\"list-style-type: none;\">\n<ul>\n \t<li>Marco Illuminati<\/li>\n \t<li>Carl Kleiner and Erik W\u00e5lstr\u00f6m<\/li>\n \t<li>Diego Mitrugno<\/li>\n \t<li>\u00a9 Gr\u00e9gory Copitet<\/li>\n \t<li>Galerie Valentin<\/li>\n \t<li>Gerrit Schreurs and Creten Studio<\/li>\n \t<li>\u00a9 Clair Dornw<\/li>\n \t<li>ADAGP, 2021<\/li>\n \t<li>Jo Hounsome<\/li>\n \t<li>Jolie Ngo<\/li>\n \t<li>Anthony Sonnenberg<\/li>\n \t<li>Christof van der Walt and Southern<\/li>\n \t<li>Philippe Sp\u00e9<\/li>\n \t<li>Tamara Van San<\/li>\n \t<li>\u00a9 Verra and Alex Zablocki<\/li>\n \t<li>Galerie Italienne<\/li>\n \t<li>Florian Daguet-Bresson<\/li>\n<\/ul>\n<\/li>\n<\/ul>\t\t\t\t\t\t\t\t<\/div>\n\t\t\t\t<\/div>\n\t\t\t\t\t<\/div>\n\t\t<\/div>\n\t\t\t\t\t<\/div>\n\t\t<\/section>\n\t\t\t\t<\/div>","protected":false},"excerpt":{"rendered":"<p>Mentions L\u00e9gales La pr\u00e9sente politique de confidentialit\u00e9 est publi\u00e9e au nom de Daguet Bresson. Lorsque nous mentionnons \u00ab\u00a0Daguet Bresson\u00a0\u00bb, \u00ab\u00a0nous\u00a0\u00bb ou \u00ab\u00a0notre\u00a0\u00bb dans la pr\u00e9sente politique, nous faisons r\u00e9f\u00e9rence \u00e0 l&rsquo;entit\u00e9 concern\u00e9e qui est responsable du traitement de vos informations personnelles. Daguet Bresson s&rsquo;engage \u00e0 respecter votre vie priv\u00e9e et \u00e0 prot\u00e9ger vos informations personnelles. [&hellip;]<\/p>\n","protected":false},"author":1,"featured_media":0,"parent":0,"menu_order":0,"comment_status":"closed","ping_status":"open","template":"page-templates\/fullwidth-content.php","meta":{"_mi_skip_tracking":false,"footnotes":""},"class_list":["post-3","page","type-page","status-publish","hentry"],"_links":{"self":[{"href":"https:\/\/daguetbresson.art\/en\/wp-json\/wp\/v2\/pages\/3","targetHints":{"allow":["GET"]}}],"collection":[{"href":"https:\/\/daguetbresson.art\/en\/wp-json\/wp\/v2\/pages"}],"about":[{"href":"https:\/\/daguetbresson.art\/en\/wp-json\/wp\/v2\/types\/page"}],"author":[{"embeddable":true,"href":"https:\/\/daguetbresson.art\/en\/wp-json\/wp\/v2\/users\/1"}],"replies":[{"embeddable":true,"href":"https:\/\/daguetbresson.art\/en\/wp-json\/wp\/v2\/comments?post=3"}],"version-history":[{"count":0,"href":"https:\/\/daguetbresson.art\/en\/wp-json\/wp\/v2\/pages\/3\/revisions"}],"wp:attachment":[{"href":"https:\/\/daguetbresson.art\/en\/wp-json\/wp\/v2\/media?parent=3"}],"curies":[{"name":"wp","href":"https:\/\/api.w.org\/{rel}","templated":true}]}}