{"id":21872,"date":"2023-07-27T17:45:51","date_gmt":"2023-07-27T15:45:51","guid":{"rendered":"https:\/\/daguetbresson.art\/?page_id=21872"},"modified":"2025-02-20T14:46:18","modified_gmt":"2025-02-20T13:46:18","slug":"biographie-florian-daguet-bresson","status":"publish","type":"page","link":"https:\/\/daguetbresson.art\/en\/biographie-florian-daguet-bresson\/","title":{"rendered":"Biographie Florian Daguet-Bresson"},"content":{"rendered":"\t\t<div data-elementor-type=\"wp-page\" data-elementor-id=\"21872\" class=\"elementor elementor-21872\" data-elementor-post-type=\"page\">\n\t\t\t\t<div class=\"elementor-element elementor-element-029ee5a e-con-full e-flex e-con e-parent\" data-id=\"029ee5a\" data-element_type=\"container\" data-e-type=\"container\" id=\"secondary-navigation\" data-settings=\"{&quot;jet_parallax_layout_list&quot;:[],&quot;sticky&quot;:&quot;top&quot;,&quot;sticky_on&quot;:[&quot;widescreen&quot;,&quot;desktop&quot;,&quot;tablet&quot;,&quot;mobile&quot;],&quot;sticky_offset&quot;:0,&quot;sticky_effects_offset&quot;:0,&quot;sticky_anchor_link_offset&quot;:0}\">\n\t\t\t\t<\/div>\n\t\t<div class=\"elementor-element elementor-element-87cc9b7 e-con-full e-flex e-con e-parent\" data-id=\"87cc9b7\" data-element_type=\"container\" data-e-type=\"container\" data-settings=\"{&quot;background_background&quot;:&quot;classic&quot;,&quot;jet_parallax_layout_list&quot;:[]}\">\n\t\t<div class=\"elementor-element elementor-element-17875ba e-con-full e-flex e-con e-child\" data-id=\"17875ba\" data-element_type=\"container\" data-e-type=\"container\" data-settings=\"{&quot;background_background&quot;:&quot;classic&quot;,&quot;jet_parallax_layout_list&quot;:[]}\">\n\t\t<div class=\"elementor-element elementor-element-d2e9cc6 e-con-full e-flex e-con e-child\" data-id=\"d2e9cc6\" data-element_type=\"container\" data-e-type=\"container\" data-settings=\"{&quot;jet_parallax_layout_list&quot;:[]}\">\n\t\t\t\t<div class=\"elementor-element elementor-element-ea34e99 e-transform elementor-invisible elementor-widget elementor-widget-image\" data-id=\"ea34e99\" data-element_type=\"widget\" data-e-type=\"widget\" data-settings=\"{&quot;_animation&quot;:&quot;fadeIn&quot;,&quot;_animation_delay&quot;:300,&quot;_transform_rotateZ_effect&quot;:{&quot;unit&quot;:&quot;px&quot;,&quot;size&quot;:&quot;0&quot;,&quot;sizes&quot;:[]},&quot;sticky&quot;:&quot;top&quot;,&quot;sticky_on&quot;:[&quot;widescreen&quot;,&quot;desktop&quot;],&quot;sticky_offset&quot;:196,&quot;sticky_effects_offset&quot;:196,&quot;sticky_parent&quot;:&quot;yes&quot;,&quot;sticky_anchor_link_offset&quot;:0,&quot;_transform_rotateZ_effect_widescreen&quot;:{&quot;unit&quot;:&quot;deg&quot;,&quot;size&quot;:&quot;&quot;,&quot;sizes&quot;:[]},&quot;_transform_rotateZ_effect_tablet&quot;:{&quot;unit&quot;:&quot;deg&quot;,&quot;size&quot;:&quot;&quot;,&quot;sizes&quot;:[]},&quot;_transform_rotateZ_effect_mobile&quot;:{&quot;unit&quot;:&quot;deg&quot;,&quot;size&quot;:&quot;&quot;,&quot;sizes&quot;:[]}}\" data-widget_type=\"image.default\">\n\t\t\t\t<div class=\"elementor-widget-container\">\n\t\t\t\t\t\t\t\t\t\t\t\t\t\t\t<img fetchpriority=\"high\" decoding=\"async\" width=\"1024\" height=\"1024\" src=\"https:\/\/daguetbresson.art\/wp-content\/uploads\/2023\/02\/portrait-florian.jpg\" class=\"attachment-full size-full wp-image-18184\" alt=\"Florian Daguet Bresson - Fondateur de Ceramics Now\" srcset=\"https:\/\/daguetbresson.art\/wp-content\/uploads\/2023\/02\/portrait-florian.jpg 1024w, https:\/\/daguetbresson.art\/wp-content\/uploads\/2023\/02\/portrait-florian-300x300.jpg 300w, https:\/\/daguetbresson.art\/wp-content\/uploads\/2023\/02\/portrait-florian-150x150.jpg 150w, https:\/\/daguetbresson.art\/wp-content\/uploads\/2023\/02\/portrait-florian-768x768.jpg 768w, https:\/\/daguetbresson.art\/wp-content\/uploads\/2023\/02\/portrait-florian-12x12.jpg 12w, https:\/\/daguetbresson.art\/wp-content\/uploads\/2023\/02\/portrait-florian-230x230.jpg 230w, https:\/\/daguetbresson.art\/wp-content\/uploads\/2023\/02\/portrait-florian-400x400.jpg 400w, https:\/\/daguetbresson.art\/wp-content\/uploads\/2023\/02\/portrait-florian-600x600.jpg 600w, https:\/\/daguetbresson.art\/wp-content\/uploads\/2023\/02\/portrait-florian-640x640.jpg 640w, https:\/\/daguetbresson.art\/wp-content\/uploads\/2023\/02\/portrait-florian-100x100.jpg 100w\" sizes=\"(max-width: 1024px) 100vw, 1024px\" \/>\t\t\t\t\t\t\t\t\t\t\t\t\t\t\t<\/div>\n\t\t\t\t<\/div>\n\t\t\t\t<\/div>\n\t\t<article class=\"elementor-element elementor-element-db59dfc e-con-full e-flex e-con e-child\" data-id=\"db59dfc\" data-element_type=\"container\" data-e-type=\"container\" data-settings=\"{&quot;background_background&quot;:&quot;classic&quot;,&quot;jet_parallax_layout_list&quot;:[]}\">\n\t\t\t\t<div class=\"elementor-element elementor-element-71ded68 elementor-invisible elementor-widget elementor-widget-heading\" data-id=\"71ded68\" data-element_type=\"widget\" data-e-type=\"widget\" data-settings=\"{&quot;_animation&quot;:&quot;fadeInUp&quot;,&quot;_animation_delay&quot;:0,&quot;motion_fx_motion_fx_scrolling&quot;:&quot;yes&quot;,&quot;motion_fx_translateY_effect&quot;:&quot;yes&quot;,&quot;motion_fx_translateY_speed&quot;:{&quot;unit&quot;:&quot;px&quot;,&quot;size&quot;:1,&quot;sizes&quot;:[]},&quot;motion_fx_translateY_affectedRange&quot;:{&quot;unit&quot;:&quot;%&quot;,&quot;size&quot;:&quot;&quot;,&quot;sizes&quot;:{&quot;start&quot;:50,&quot;end&quot;:100}},&quot;motion_fx_range&quot;:&quot;page&quot;,&quot;motion_fx_devices&quot;:[&quot;widescreen&quot;,&quot;desktop&quot;,&quot;tablet&quot;,&quot;mobile&quot;]}\" data-widget_type=\"heading.default\">\n\t\t\t\t<div class=\"elementor-widget-container\">\n\t\t\t\t\t<h1 class=\"elementor-heading-title elementor-size-default\"><span>Biographie<\/span>Florian Daguet-Bresson<\/h1>\t\t\t\t<\/div>\n\t\t\t\t<\/div>\n\t\t\t\t<div class=\"elementor-element elementor-element-f4549de animated-slow elementor-invisible elementor-widget elementor-widget-jet-listing-dynamic-repeater\" data-id=\"f4549de\" data-element_type=\"widget\" data-e-type=\"widget\" data-settings=\"{&quot;_animation&quot;:&quot;fadeIn&quot;,&quot;_animation_delay&quot;:750}\" data-widget_type=\"jet-listing-dynamic-repeater.default\">\n\t\t\t\t<div class=\"elementor-widget-container\">\n\t\t\t\t\t<div class=\"jet-listing jet-listing-dynamic-repeater\"><div class=\"jet-listing-dynamic-repeater__items \"><div class=\"jet-listing-dynamic-repeater__item\"><p>Florian Daguet-Bresson commence son parcours dans le march\u00e9 de l\u2019art tr\u00e8s jeune aupr\u00e8s de la galerie Didier Luttenbacher, sp\u00e9cialis\u00e9e en objets d\u2019arts du 19\u00b0 et 20\u00b0 si\u00e8cle.<\/p><\/div><div class=\"jet-listing-dynamic-repeater__item\"><p>Par son regard, sa sensibilit\u00e9, ses connaissances et ses participations \u00e0 de nombreux \u00e9v\u00e9nements et foires internationales (PAD LONDON, PAD PARIS, Biennale des Antiquaires, Masterpiece\u2026) Il a su d\u00e9velopper un r\u00e9seau important et devenir un des jeunes acteurs du march\u00e9 de l\u2019art. Son \u0153il, son enthousiasme et son exigence a su gagner le respect de grands collectionneurs et institutions. Il accompagne ainsi des entreprises et des collectionneurs et de nombreux artistes dans le d\u00e9veloppement de leurs projets.<\/p><\/div><div class=\"jet-listing-dynamic-repeater__item\"><p>En 2020 Le NMNM lui accorde sa confiance pour la r\u00e9alisation d\u2019une exposition qui fera date, au c\u00f4t\u00e9 de Cristiano Raimondi il participe \u00e0 la r\u00e9alisation de l\u2019exposition Artifice Instable.\r\n\r\nEn 2021, il cofonde l'\u00e9v\u00e9nement \u2018Ceramics Now\u2019, qui en deux \u00e9ditions attire l'attention des passionn\u00e9s et collectionneurs de c\u00e9ramique contemporaine \u00e0 travers le monde, entra\u00eenant dans son sillage une g\u00e9n\u00e9ration d\u2019artistes novateurs tels les Fran\u00e7ais Claire Lindner et Timoth\u00e9e Humbert, le Sud-cor\u00e9en Jongjin Park ou encore les am\u00e9ricains Alex Zablocki, Anthony Sonnenberg et Andrew Casto. Il repr\u00e9sente aujourd\u2019hui une vingtaine d\u2019artistes c\u00e9ramistes internationaux.\r\n<\/p><\/div><div class=\"jet-listing-dynamic-repeater__item\"><p>Il \u00e9crit aussi r\u00e9guli\u00e8rement, L\u2019escaliers des 4 Potiers ou encore Hope Spot, ouvrage monographique de l\u2019artiste Tamara Van San. En janvier 2022, il rejoint l\u2019\u00e9quipe du prestigieux magazine The World of Interiors comme contributing editor. En 2023, Il participe sous son nom au PAD Paris, PAD Londres, le succ\u00e8s est au rendez-vous.  Il participe par ailleurs \u00e0 plusieurs jurys de s\u00e9lection (La Cambre, Biennale de Carouge, Greek contemporary Ceramics Biennale etc.)<\/p><\/div><div class=\"jet-listing-dynamic-repeater__item\"><p>En parall\u00e8le, il est le co-fondateur de la plateforme 2dgalleries.com marketplace internationale d\u00e9di\u00e9e aux originaux de bande dessin\u00e9e.<\/p><\/div><\/div><\/div>\t\t\t\t<\/div>\n\t\t\t\t<\/div>\n\t\t\t\t<\/article>\n\t\t\t\t<\/div>\n\t\t\t\t<\/div>\n\t\t\t\t<\/div>\n\t\t","protected":false},"excerpt":{"rendered":"<p>BiographieFlorian Daguet-Bresson Florian Daguet-Bresson commence son parcours dans le march\u00e9 de l\u2019art tr\u00e8s jeune aupr\u00e8s de la galerie Didier Luttenbacher, sp\u00e9cialis\u00e9e en objets d\u2019arts du 19\u00b0 et 20\u00b0 si\u00e8cle. Par son regard, sa sensibilit\u00e9, ses connaissances et ses participations \u00e0 de nombreux \u00e9v\u00e9nements et foires internationales (PAD LONDON, PAD PARIS, Biennale des Antiquaires, Masterpiece\u2026) Il [&hellip;]<\/p>\n","protected":false},"author":1,"featured_media":0,"parent":0,"menu_order":0,"comment_status":"closed","ping_status":"closed","template":"elementor_header_footer","meta":{"_mi_skip_tracking":false,"footnotes":""},"class_list":["post-21872","page","type-page","status-publish","hentry"],"_links":{"self":[{"href":"https:\/\/daguetbresson.art\/en\/wp-json\/wp\/v2\/pages\/21872","targetHints":{"allow":["GET"]}}],"collection":[{"href":"https:\/\/daguetbresson.art\/en\/wp-json\/wp\/v2\/pages"}],"about":[{"href":"https:\/\/daguetbresson.art\/en\/wp-json\/wp\/v2\/types\/page"}],"author":[{"embeddable":true,"href":"https:\/\/daguetbresson.art\/en\/wp-json\/wp\/v2\/users\/1"}],"replies":[{"embeddable":true,"href":"https:\/\/daguetbresson.art\/en\/wp-json\/wp\/v2\/comments?post=21872"}],"version-history":[{"count":0,"href":"https:\/\/daguetbresson.art\/en\/wp-json\/wp\/v2\/pages\/21872\/revisions"}],"wp:attachment":[{"href":"https:\/\/daguetbresson.art\/en\/wp-json\/wp\/v2\/media?parent=21872"}],"curies":[{"name":"wp","href":"https:\/\/api.w.org\/{rel}","templated":true}]}}